{"id":19196,"date":"2026-03-05T09:29:10","date_gmt":"2026-03-05T08:29:10","guid":{"rendered":"https:\/\/rumboaltea.com\/?page_id=19196"},"modified":"2026-03-05T09:34:40","modified_gmt":"2026-03-05T08:34:40","slug":"cookie-policy","status":"publish","type":"page","link":"https:\/\/rumboaltea.com\/en\/cookie-policy\/","title":{"rendered":"Cookies policy"},"content":{"rendered":"<div data-elementor-type=\"wp-page\" data-elementor-id=\"19196\" class=\"elementor elementor-19196\" data-elementor-post-type=\"page\">\n\t\t\t\t<div class=\"elementor-element elementor-element-632a7fa e-flex e-con-boxed e-con e-parent\" data-id=\"632a7fa\" data-element_type=\"container\" data-settings=\"{&quot;background_background&quot;:&quot;classic&quot;}\">\n\t\t\t\t\t<div class=\"e-con-inner\">\n\t\t<div class=\"elementor-element elementor-element-868c7c6 e-con-full e-flex e-con e-child\" data-id=\"868c7c6\" data-element_type=\"container\">\n\t\t\t\t<div class=\"elementor-element elementor-element-735da12 elementor-widget elementor-widget-heading\" data-id=\"735da12\" data-element_type=\"widget\" data-widget_type=\"heading.default\">\n\t\t\t\t<div class=\"elementor-widget-container\">\n\t\t\t\t\t<h1 class=\"elementor-heading-title elementor-size-default\">COOKIES POLICY<\/h1>\t\t\t\t<\/div>\n\t\t\t\t<\/div>\n\t\t\t\t<div class=\"elementor-element elementor-element-b5d84d7 elementor-widget elementor-widget-text-editor\" data-id=\"b5d84d7\" data-element_type=\"widget\" data-widget_type=\"text-editor.default\">\n\t\t\t\t<div class=\"elementor-widget-container\">\n\t\t\t\t\t\t\t\t\t<p class=\"p1\"><b style=\"font-style: inherit; font-family: Montserrat, sans-serif; font-size: 22px; letter-spacing: 2.5px; text-decoration-line: initial; text-transform: uppercase;\">What are cookies?<\/b><\/p><p class=\"p1\">Cookies are small text files that are stored on the user's device (computer, tablet or mobile) when they visit a webpage. They are used to remember information about the visit, such as preferred language, browsing preferences or usage habits, and can make future visits easier.<\/p><h3><b>What types of cookies does this website use?<\/b><\/h3><h4><b>1. Technical cookies (necessary)<\/b><\/h4><p class=\"p1\">These are essential for the correct functioning of the website. They allow navigation and the use of the different options or services available on it, such as:<\/p><ul><li><p class=\"p1\">Traffic and data communication control<\/p><\/li><li><p class=\"p1\">Session identification<\/p><\/li><li><p class=\"p1\">Access to restricted areas<\/p><\/li><li><p class=\"p1\">Using forms<\/p><\/li><\/ul><p class=\"p1\">These cookies do not require prior consent.<\/p><h4><b>2. Analytics cookies<\/b><\/h4><p class=\"p1\">They allow us to quantify the number of users and perform statistical measurement and analysis of how users use the website. To this end, their browsing is analysed in order to improve the range of content and services.<\/p><p class=\"p1\">Among these may be included cookies from:<\/p><ul><li><p class=\"p1\"><span class=\"s1\">Google<\/span> Google Analytics<\/p><\/li><\/ul><h4><b>3. Personalisation cookies<\/b><\/h4><p class=\"p1\">They allow information to be remembered so that the user can access the service with certain characteristics that can differentiate their experience, such as language or browser type.<\/p><h4><b>4. Advertising cookies (if applicable)<\/b><\/h4><p class=\"p1\">They allow ad spaces to be managed as effectively as possible, adapting ad content to the user's website usage where applicable.<\/p><h3><b>Third party cookies<\/b><\/h3><p class=\"p1\">This website uses third-party services that collect information for statistical purposes and for user website usage.<\/p><p class=\"p1\">For example:<\/p><ul><li><p class=\"p1\"><span class=\"s1\"><b>Google Analytics<\/b><\/span>Collects anonymous browsing information, such as the number of visitors, pages visited, or session duration.<\/p><\/li><\/ul><p class=\"p1\">You can check Google's privacy policy here:<\/p><p class=\"p1\">https:\/\/policies.google.com\/privacy<\/p><hr \/><h3><b>Legal basis for the use of cookies<\/b><\/h3><p class=\"p1\">The legal basis for using non-essential cookies is user consent, which is requested upon accessing the website via the cookie banner managed by CookieYes.<\/p><hr \/><h3><b>How to manage or disable cookies<\/b><\/h3><p class=\"p1\">You can allow, block or delete cookies installed on your device by configuring the browser you use:<\/p><ul><li><p class=\"p1\">Chrome: https:\/\/support.google.com\/chrome\/answer\/95647<\/p><\/li><li><p class=\"p1\">Firefox: https:\/\/support.mozilla.org\/es\/kb\/enable-and-disable-cookies<\/p><\/li><li><p class=\"p1\">Safari: https:\/\/support.apple.com\/en-gb\/guide\/safari\/sfri11471\/mac<\/p><\/li><li><p class=\"p1\">Edge: https:\/\/support.microsoft.com\/en-gb\/help\/4027947<\/p><\/li><\/ul><p class=\"p1\">Please note that disabling some cookies may affect the correct functioning of the website.<\/p><h3><b>Data retention<\/b><\/h3><p class=\"p1\">Cookies will be kept for the time necessary to fulfil their specific purpose or until the user requests their deletion.<\/p><h3><b>Cookie Policy Update<\/b><\/h3><p class=\"p1\">This policy may be modified based on legislative requirements or to adapt it to instructions from the Spanish Data Protection Agency. It is recommended that you review it periodically.<\/p>\t\t\t\t\t\t\t\t<\/div>\n\t\t\t\t<\/div>\n\t\t\t\t<div class=\"elementor-element elementor-element-820c85b elementor-widget elementor-widget-text-editor\" data-id=\"820c85b\" data-element_type=\"widget\" data-widget_type=\"text-editor.default\">\n\t\t\t\t<div class=\"elementor-widget-container\">\n\t\t\t\t\t\t\t\t\t<p>This website may include links to third party websites.<br data-start=\"3168\" data-end=\"3171\" \/>Rumboaltea Charter SLU is not responsible for the content or policies of such external websites.<\/p>\t\t\t\t\t\t\t\t<\/div>\n\t\t\t\t<\/div>\n\t\t\t\t<\/div>\n\t\t\t\t\t<\/div>\n\t\t\t\t<\/div>\n\t\t\t\t<\/div>","protected":false},"excerpt":{"rendered":"<p>POL\u00cdTICA DE COOKIES \u00bfQu\u00e9 son las cookies? Las cookies son peque\u00f1os archivos de texto que se almacenan en el dispositivo del usuario (ordenador, tablet o m\u00f3vil) cuando visita una p\u00e1gina web. Sirven para recordar informaci\u00f3n sobre la visita, como el idioma preferido, opciones de navegaci\u00f3n o h\u00e1bitos de uso, y pueden facilitar futuras visitas. \u00bfQu\u00e9 [&hellip;]<\/p>\n","protected":false},"author":5,"featured_media":0,"parent":0,"menu_order":0,"comment_status":"closed","ping_status":"closed","template":"","meta":{"_uag_custom_page_level_css":"","site-sidebar-layout":"no-sidebar","site-content-layout":"page-builder","ast-site-content-layout":"full-width-container","site-content-style":"unboxed","site-sidebar-style":"unboxed","ast-global-header-display":"","ast-banner-title-visibility":"","ast-main-header-display":"","ast-hfb-above-header-display":"","ast-hfb-below-header-display":"","ast-hfb-mobile-header-display":"","site-post-title":"disabled","ast-breadcrumbs-content":"","ast-featured-img":"","footer-sml-layout":"","theme-transparent-header-meta":"disabled","adv-header-id-meta":"","stick-header-meta":"","header-above-stick-meta":"","header-main-stick-meta":"","header-below-stick-meta":"","astra-migrate-meta-layouts":"set","ast-page-background-enabled":"default","ast-page-background-meta":{"desktop":{"background-color":"","background-image":"","background-repeat":"repeat","background-position":"center center","background-size":"auto","background-attachment":"scroll","background-type":"","background-media":"","overlay-type":"","overlay-color":"","overlay-opacity":"","overlay-gradient":""},"tablet":{"background-color":"","background-image":"","background-repeat":"repeat","background-position":"center center","background-size":"auto","background-attachment":"scroll","background-type":"","background-media":"","overlay-type":"","overlay-color":"","overlay-opacity":"","overlay-gradient":""},"mobile":{"background-color":"","background-image":"","background-repeat":"repeat","background-position":"center center","background-size":"auto","background-attachment":"scroll","background-type":"","background-media":"","overlay-type":"","overlay-color":"","overlay-opacity":"","overlay-gradient":""}},"ast-content-background-meta":{"desktop":{"background-color":"var(--ast-global-color-5)","background-image":"","background-repeat":"repeat","background-position":"center center","background-size":"auto","background-attachment":"scroll","background-type":"","background-media":"","overlay-type":"","overlay-color":"","overlay-opacity":"","overlay-gradient":""},"tablet":{"background-color":"var(--ast-global-color-5)","background-image":"","background-repeat":"repeat","background-position":"center center","background-size":"auto","background-attachment":"scroll","background-type":"","background-media":"","overlay-type":"","overlay-color":"","overlay-opacity":"","overlay-gradient":""},"mobile":{"background-color":"var(--ast-global-color-5)","background-image":"","background-repeat":"repeat","background-position":"center center","background-size":"auto","background-attachment":"scroll","background-type":"","background-media":"","overlay-type":"","overlay-color":"","overlay-opacity":"","overlay-gradient":""}},"footnotes":""},"class_list":["post-19196","page","type-page","status-publish","hentry"],"uagb_featured_image_src":{"full":false,"thumbnail":false,"medium":false,"medium_large":false,"large":false,"1536x1536":false,"2048x2048":false,"trp-custom-language-flag":false},"uagb_author_info":{"display_name":"Celia","author_link":"https:\/\/rumboaltea.com\/en\/author\/carettamarketingnauticogmail-com\/"},"uagb_comment_info":0,"uagb_excerpt":"POL\u00cdTICA DE COOKIES \u00bfQu\u00e9 son las cookies? Las cookies son peque\u00f1os archivos de texto que se almacenan en el dispositivo del usuario (ordenador, tablet o m\u00f3vil) cuando visita una p\u00e1gina web. Sirven para recordar informaci\u00f3n sobre la visita, como el idioma preferido, opciones de navegaci\u00f3n o h\u00e1bitos de uso, y pueden facilitar futuras visitas. \u00bfQu\u00e9&hellip;","_links":{"self":[{"href":"https:\/\/rumboaltea.com\/en\/wp-json\/wp\/v2\/pages\/19196","targetHints":{"allow":["GET"]}}],"collection":[{"href":"https:\/\/rumboaltea.com\/en\/wp-json\/wp\/v2\/pages"}],"about":[{"href":"https:\/\/rumboaltea.com\/en\/wp-json\/wp\/v2\/types\/page"}],"author":[{"embeddable":true,"href":"https:\/\/rumboaltea.com\/en\/wp-json\/wp\/v2\/users\/5"}],"replies":[{"embeddable":true,"href":"https:\/\/rumboaltea.com\/en\/wp-json\/wp\/v2\/comments?post=19196"}],"version-history":[{"count":4,"href":"https:\/\/rumboaltea.com\/en\/wp-json\/wp\/v2\/pages\/19196\/revisions"}],"predecessor-version":[{"id":19200,"href":"https:\/\/rumboaltea.com\/en\/wp-json\/wp\/v2\/pages\/19196\/revisions\/19200"}],"wp:attachment":[{"href":"https:\/\/rumboaltea.com\/en\/wp-json\/wp\/v2\/media?parent=19196"}],"curies":[{"name":"wp","href":"https:\/\/api.w.org\/{rel}","templated":true}]}}