{"id":17433,"date":"2025-12-01T11:36:05","date_gmt":"2025-12-01T10:36:05","guid":{"rendered":"https:\/\/darksalmon-panther-935429.hostingersite.com\/?page_id=17433"},"modified":"2026-03-05T09:35:20","modified_gmt":"2026-03-05T08:35:20","slug":"avis-juridique","status":"publish","type":"page","link":"https:\/\/rumboaltea.com\/fr\/avis-juridique\/","title":{"rendered":"Avis juridique"},"content":{"rendered":"<div data-elementor-type=\"wp-page\" data-elementor-id=\"17433\" class=\"elementor elementor-17433\" data-elementor-post-type=\"page\">\n\t\t\t\t<div class=\"elementor-element elementor-element-632a7fa e-flex e-con-boxed e-con e-parent\" data-id=\"632a7fa\" data-element_type=\"container\" data-settings=\"{&quot;background_background&quot;:&quot;classic&quot;}\">\n\t\t\t\t\t<div class=\"e-con-inner\">\n\t\t<div class=\"elementor-element elementor-element-868c7c6 e-con-full e-flex e-con e-child\" data-id=\"868c7c6\" data-element_type=\"container\">\n\t\t\t\t<div class=\"elementor-element elementor-element-735da12 elementor-widget elementor-widget-heading\" data-id=\"735da12\" data-element_type=\"widget\" data-widget_type=\"heading.default\">\n\t\t\t\t<div class=\"elementor-widget-container\">\n\t\t\t\t\t<h1 class=\"elementor-heading-title elementor-size-default\">AVIS JURIDIQUE<\/h1>\t\t\t\t<\/div>\n\t\t\t\t<\/div>\n\t\t\t\t<div class=\"elementor-element elementor-element-e027fbb elementor-widget elementor-widget-heading\" data-id=\"e027fbb\" data-element_type=\"widget\" data-widget_type=\"heading.default\">\n\t\t\t\t<div class=\"elementor-widget-container\">\n\t\t\t\t\t<h2 class=\"elementor-heading-title elementor-size-default\">Charte Rumboaltea SLU<\/h2>\t\t\t\t<\/div>\n\t\t\t\t<\/div>\n\t\t\t\t<div class=\"elementor-element elementor-element-18709e7 elementor-widget elementor-widget-heading\" data-id=\"18709e7\" data-element_type=\"widget\" data-widget_type=\"heading.default\">\n\t\t\t\t<div class=\"elementor-widget-container\">\n\t\t\t\t\t<h3 class=\"elementor-heading-title elementor-size-default\">1. les donn\u00e9es d'identification<\/h3>\t\t\t\t<\/div>\n\t\t\t\t<\/div>\n\t\t\t\t<div class=\"elementor-element elementor-element-584e1d7 elementor-widget elementor-widget-text-editor\" data-id=\"584e1d7\" data-element_type=\"widget\" data-widget_type=\"text-editor.default\">\n\t\t\t\t<div class=\"elementor-widget-container\">\n\t\t\t\t\t\t\t\t\t<p data-start=\"545\" data-end=\"732\">Conform\u00e9ment \u00e0 la loi 34\/2002, du 11 juillet, sur les services de la soci\u00e9t\u00e9 de l'information et le commerce \u00e9lectronique (LSSI-CE), nous vous informons que ce site web est la propri\u00e9t\u00e9 de :<\/p>\n<p data-start=\"734\" data-end=\"939\"><strong data-start=\"734\" data-end=\"760\">Charte Rumboaltea SLU<\/strong><br data-start=\"760\" data-end=\"763\">FNI : <strong data-start=\"768\" data-end=\"781\">B54777354<\/strong><br data-start=\"781\" data-end=\"784\">Si\u00e8ge social : <strong data-start=\"802\" data-end=\"856\">Carrer els Astres 5, 03581 Alfaz del Pi (Alicante)<\/strong><br data-start=\"856\" data-end=\"859\">Courriel de contact : <strong data-start=\"878\" data-end=\"902\"><a class=\"decorated-link cursor-pointer\" rel=\"noopener\" data-start=\"880\" data-end=\"900\">rumboaltea@gmail.com<\/a><\/strong><br data-start=\"902\" data-end=\"905\">Site web : <a href=\"https:\/\/rumboaltea.com\/fr\/\">https:\/\/rumboaltea.com\/<\/a>&nbsp;<\/p>\n<p data-start=\"941\" data-end=\"1098\">Rumboaltea Charter SLU est responsable de l'activit\u00e9 de location de bateaux, d'excursions priv\u00e9es et de services nautiques d\u00e9crits sur ce site.<\/p>\t\t\t\t\t\t\t\t<\/div>\n\t\t\t\t<\/div>\n\t\t\t\t<div class=\"elementor-element elementor-element-0e436b7 elementor-widget elementor-widget-heading\" data-id=\"0e436b7\" data-element_type=\"widget\" data-widget_type=\"heading.default\">\n\t\t\t\t<div class=\"elementor-widget-container\">\n\t\t\t\t\t<h3 class=\"elementor-heading-title elementor-size-default\">2. l'objectif du site web<\/h3>\t\t\t\t<\/div>\n\t\t\t\t<\/div>\n\t\t\t\t<div class=\"elementor-element elementor-element-b5d84d7 elementor-widget elementor-widget-text-editor\" data-id=\"b5d84d7\" data-element_type=\"widget\" data-widget_type=\"text-editor.default\">\n\t\t\t\t<div class=\"elementor-widget-container\">\n\t\t\t\t\t\t\t\t\t<p data-start=\"1139\" data-end=\"1182\">L'objectif de ce site web est de :<\/p><ul data-start=\"1184\" data-end=\"1480\"><li data-start=\"1184\" data-end=\"1263\"><p data-start=\"1186\" data-end=\"1263\">Fournir des informations sur les services de location de bateaux avec et sans skipper.<\/p><\/li><li data-start=\"1264\" data-end=\"1346\"><p data-start=\"1266\" data-end=\"1346\">Informations sur les excursions priv\u00e9es, les exp\u00e9riences et les itin\u00e9raires nautiques.<\/p><\/li><li data-start=\"1347\" data-end=\"1416\"><p data-start=\"1349\" data-end=\"1416\">Faciliter les contacts pour les demandes d'information ou les r\u00e9servations.<\/p><\/li><li data-start=\"1417\" data-end=\"1480\"><p data-start=\"1419\" data-end=\"1480\">Fournir des informations sur les cours de formation nautique.<\/p><\/li><\/ul><p data-start=\"1482\" data-end=\"1589\">Rumboaltea Charter SLU peut modifier, mettre \u00e0 jour ou retirer le contenu du site web sans pr\u00e9avis.<\/p>\t\t\t\t\t\t\t\t<\/div>\n\t\t\t\t<\/div>\n\t\t\t\t<div class=\"elementor-element elementor-element-02d7e24 elementor-widget elementor-widget-heading\" data-id=\"02d7e24\" data-element_type=\"widget\" data-widget_type=\"heading.default\">\n\t\t\t\t<div class=\"elementor-widget-container\">\n\t\t\t\t\t<h3 class=\"elementor-heading-title elementor-size-default\">3. Conditions d'utilisation<\/h3>\t\t\t\t<\/div>\n\t\t\t\t<\/div>\n\t\t\t\t<div class=\"elementor-element elementor-element-8218276 elementor-widget elementor-widget-text-editor\" data-id=\"8218276\" data-element_type=\"widget\" data-widget_type=\"text-editor.default\">\n\t\t\t\t<div class=\"elementor-widget-container\">\n\t\t\t\t\t\t\t\t\t<p data-start=\"1625\" data-end=\"1765\">La navigation sur ce site web conf\u00e8re le statut d'utilisateur et implique l'acceptation totale et sans r\u00e9serve des pr\u00e9sentes conditions.<\/p><p data-start=\"1767\" data-end=\"1794\">L'utilisateur s'engage \u00e0 :<\/p><ul data-start=\"1796\" data-end=\"2023\"><li data-start=\"1796\" data-end=\"1845\"><p data-start=\"1798\" data-end=\"1845\">Faire un usage correct et licite du site web.<\/p><\/li><li data-start=\"1846\" data-end=\"1950\"><p data-start=\"1848\" data-end=\"1950\">Ne pas exercer d'activit\u00e9s frauduleuses, ill\u00e9gales ou susceptibles de nuire \u00e0 l'image ou aux int\u00e9r\u00eats du titulaire.<\/p><\/li><li data-start=\"1951\" data-end=\"2023\"><p data-start=\"1953\" data-end=\"2023\">Ne pas alt\u00e9rer, endommager ou rendre inutilisable le contenu ou les syst\u00e8mes informatiques.<\/p><\/li><\/ul><p data-start=\"2025\" data-end=\"2116\">Rumboaltea Charter SLU peut bloquer l'acc\u00e8s aux utilisateurs qui violent ces conditions.<\/p>\t\t\t\t\t\t\t\t<\/div>\n\t\t\t\t<\/div>\n\t\t\t\t<div class=\"elementor-element elementor-element-455996f elementor-widget elementor-widget-heading\" data-id=\"455996f\" data-element_type=\"widget\" data-widget_type=\"heading.default\">\n\t\t\t\t<div class=\"elementor-widget-container\">\n\t\t\t\t\t<h3 class=\"elementor-heading-title elementor-size-default\">4. La responsabilit\u00e9<\/h3>\t\t\t\t<\/div>\n\t\t\t\t<\/div>\n\t\t\t\t<div class=\"elementor-element elementor-element-0a620ee elementor-widget elementor-widget-text-editor\" data-id=\"0a620ee\" data-element_type=\"widget\" data-widget_type=\"text-editor.default\">\n\t\t\t\t<div class=\"elementor-widget-container\">\n\t\t\t\t\t\t\t\t\t<p data-start=\"2149\" data-end=\"2345\">Rumboaltea Charter SLU ne garantit pas que le site web fonctionnera sans interruption ou sans erreur, bien que les mesures n\u00e9cessaires soient prises pour assurer son bon fonctionnement.<\/p><p data-start=\"2347\" data-end=\"2373\">Elle n'est pas responsable de :<\/p><ul data-start=\"2375\" data-end=\"2549\"><li data-start=\"2375\" data-end=\"2422\"><p data-start=\"2377\" data-end=\"2422\">Les dommages r\u00e9sultant d'une utilisation inappropri\u00e9e du site web.<\/p><\/li><li data-start=\"2423\" data-end=\"2494\"><p data-start=\"2425\" data-end=\"2494\">Les interruptions temporaires de service dues \u00e0 la maintenance ou \u00e0 des causes externes.<\/p><\/li><li data-start=\"2495\" data-end=\"2549\"><p data-start=\"2497\" data-end=\"2549\">Contenu de tiers vers lequel des liens peuvent \u00eatre fournis.<\/p><\/li><\/ul>\t\t\t\t\t\t\t\t<\/div>\n\t\t\t\t<\/div>\n\t\t\t\t<div class=\"elementor-element elementor-element-9e25d91 elementor-widget elementor-widget-heading\" data-id=\"9e25d91\" data-element_type=\"widget\" data-widget_type=\"heading.default\">\n\t\t\t\t<div class=\"elementor-widget-container\">\n\t\t\t\t\t<h3 class=\"elementor-heading-title elementor-size-default\">5. Propri\u00e9t\u00e9 intellectuelle et industrielle<\/h3>\t\t\t\t<\/div>\n\t\t\t\t<\/div>\n\t\t\t\t<div class=\"elementor-element elementor-element-60c862a elementor-widget elementor-widget-text-editor\" data-id=\"60c862a\" data-element_type=\"widget\" data-widget_type=\"text-editor.default\">\n\t\t\t\t<div class=\"elementor-widget-container\">\n\t\t\t\t\t\t\t\t\t<p data-start=\"2601\" data-end=\"2786\">Tous les contenus du site web (textes, images, logos, dessins, structure, code, etc.) sont la propri\u00e9t\u00e9 de Rumboaltea Charter SLU ou font l'objet des licences correspondantes.<\/p><p data-start=\"2788\" data-end=\"2886\">Aucune partie du contenu ne peut \u00eatre reproduite en totalit\u00e9 ou en partie sans autorisation expresse pr\u00e9alable.<\/p><p data-start=\"2888\" data-end=\"3075\">Les droits d'utilisation, de conception et de d\u00e9veloppement web confi\u00e9s par Rumboaltea Charter SLU \u00e0 des tiers seront soumis au contrat sign\u00e9 entre les deux parties.\u00a0<\/p>\t\t\t\t\t\t\t\t<\/div>\n\t\t\t\t<\/div>\n\t\t\t\t<div class=\"elementor-element elementor-element-44f9a70 elementor-widget elementor-widget-heading\" data-id=\"44f9a70\" data-element_type=\"widget\" data-widget_type=\"heading.default\">\n\t\t\t\t<div class=\"elementor-widget-container\">\n\t\t\t\t\t<h3 class=\"elementor-heading-title elementor-size-default\">6. Politique de liaison<\/h3>\t\t\t\t<\/div>\n\t\t\t\t<\/div>\n\t\t\t\t<div class=\"elementor-element elementor-element-820c85b elementor-widget elementor-widget-text-editor\" data-id=\"820c85b\" data-element_type=\"widget\" data-widget_type=\"text-editor.default\">\n\t\t\t\t<div class=\"elementor-widget-container\">\n\t\t\t\t\t\t\t\t\t<p>Ce site web peut inclure des liens vers des sites web de tiers.<br data-start=\"3168\" data-end=\"3171\" \/>Rumboaltea Charter SLU n'est pas responsable du contenu ou des politiques de ces sites web externes.<\/p>\t\t\t\t\t\t\t\t<\/div>\n\t\t\t\t<\/div>\n\t\t\t\t<div class=\"elementor-element elementor-element-a2068f6 elementor-widget elementor-widget-heading\" data-id=\"a2068f6\" data-element_type=\"widget\" data-widget_type=\"heading.default\">\n\t\t\t\t<div class=\"elementor-widget-container\">\n\t\t\t\t\t<h3 class=\"elementor-heading-title elementor-size-default\">7. Protection des donn\u00e9es personnelles (RGPD et LOPDGDD)<\/h3>\t\t\t\t<\/div>\n\t\t\t\t<\/div>\n\t\t\t\t<div class=\"elementor-element elementor-element-fa47e1e elementor-widget elementor-widget-text-editor\" data-id=\"fa47e1e\" data-element_type=\"widget\" data-widget_type=\"text-editor.default\">\n\t\t\t\t<div class=\"elementor-widget-container\">\n\t\t\t\t\t\t\t\t\t<p data-start=\"3330\" data-end=\"3467\">Les donn\u00e9es personnelles fournies par les utilisateurs seront trait\u00e9es conform\u00e9ment au r\u00e8glement (UE) 2016\/679 (RGPD) et \u00e0 la loi organique 3\/2018.<\/p><p data-start=\"3469\" data-end=\"3503\">Le responsable du traitement des donn\u00e9es est :<\/p><p data-start=\"3505\" data-end=\"3565\"><strong data-start=\"3505\" data-end=\"3531\">Charte Rumboaltea SLU<\/strong><br data-start=\"3531\" data-end=\"3534\" \/>Courriel : <strong data-start=\"3541\" data-end=\"3565\"><a class=\"decorated-link cursor-pointer\" rel=\"noopener\" data-start=\"3543\" data-end=\"3563\">rumboaltea@gmail.com<\/a><\/strong><\/p><p data-start=\"3567\" data-end=\"3600\"><strong data-start=\"3571\" data-end=\"3600\">Finalit\u00e9 du traitement<\/strong><\/p><ul data-start=\"3601\" data-end=\"3753\"><li data-start=\"3601\" data-end=\"3654\"><p data-start=\"3603\" data-end=\"3654\">Gestion des r\u00e9servations et des demandes d'information.<\/p><\/li><li data-start=\"3655\" data-end=\"3685\"><p data-start=\"3657\" data-end=\"3685\">Communication avec les clients.<\/p><\/li><li data-start=\"3686\" data-end=\"3753\"><p data-start=\"3688\" data-end=\"3753\">Envoi d'informations relatives aux services contractuels.<\/p><\/li><\/ul><p data-start=\"3755\" data-end=\"3775\"><strong data-start=\"3759\" data-end=\"3775\">L\u00e9gitimation<\/strong><\/p><p data-start=\"3776\" data-end=\"3833\">Ex\u00e9cution d'un contrat ou consentement de la personne concern\u00e9e.<\/p><p data-start=\"3835\" data-end=\"3863\"><strong data-start=\"3839\" data-end=\"3863\">Droits de l'utilisateur<\/strong><\/p><p data-start=\"3864\" data-end=\"3999\">Les utilisateurs peuvent exercer leurs droits d'acc\u00e8s, de rectification, d'effacement, d'opposition, de portabilit\u00e9 et de limitation en envoyant un courrier \u00e9lectronique \u00e0 l'adresse suivante<\/p><p data-start=\"4001\" data-end=\"4028\">\ud83d\udce9 <strong data-start=\"4004\" data-end=\"4028\"><a class=\"decorated-link cursor-pointer\" rel=\"noopener\" data-start=\"4006\" data-end=\"4026\">rumboaltea@gmail.com<\/a><\/strong><\/p>\t\t\t\t\t\t\t\t<\/div>\n\t\t\t\t<\/div>\n\t\t\t\t<div class=\"elementor-element elementor-element-dd27b53 elementor-widget elementor-widget-heading\" data-id=\"dd27b53\" data-element_type=\"widget\" data-widget_type=\"heading.default\">\n\t\t\t\t<div class=\"elementor-widget-container\">\n\t\t\t\t\t<h3 class=\"elementor-heading-title elementor-size-default\">8. Droit applicable et juridiction<\/h3>\t\t\t\t<\/div>\n\t\t\t\t<\/div>\n\t\t\t\t<div class=\"elementor-element elementor-element-5173127 elementor-widget elementor-widget-text-editor\" data-id=\"5173127\" data-element_type=\"widget\" data-widget_type=\"text-editor.default\">\n\t\t\t\t<div class=\"elementor-widget-container\">\n\t\t\t\t\t\t\t\t\t<p>Pour la r\u00e9solution de tout litige ou controverse li\u00e9 \u00e0 ce site web, la loi espagnole s'appliquera.<\/p>\t\t\t\t\t\t\t\t<\/div>\n\t\t\t\t<\/div>\n\t\t\t\t<div class=\"elementor-element elementor-element-6fe7b26 elementor-widget elementor-widget-heading\" data-id=\"6fe7b26\" data-element_type=\"widget\" data-widget_type=\"heading.default\">\n\t\t\t\t<div class=\"elementor-widget-container\">\n\t\t\t\t\t<h3 class=\"elementor-heading-title elementor-size-default\">9. Contact<\/h3>\t\t\t\t<\/div>\n\t\t\t\t<\/div>\n\t\t\t\t<div class=\"elementor-element elementor-element-c11004c elementor-widget elementor-widget-text-editor\" data-id=\"c11004c\" data-element_type=\"widget\" data-widget_type=\"text-editor.default\">\n\t\t\t\t<div class=\"elementor-widget-container\">\n\t\t\t\t\t\t\t\t\t<p data-start=\"4421\" data-end=\"4493\">Si vous avez des doutes ou des questions concernant le pr\u00e9sent avis juridique, veuillez \u00e9crire \u00e0 l'adresse suivante<\/p><p data-start=\"4495\" data-end=\"4522\"><strong data-start=\"4498\" data-end=\"4522\"><a class=\"decorated-link cursor-pointer\" rel=\"noopener\" data-start=\"4500\" data-end=\"4520\">rumboaltea@gmail.com<\/a><\/strong><\/p>\t\t\t\t\t\t\t\t<\/div>\n\t\t\t\t<\/div>\n\t\t\t\t<\/div>\n\t\t\t\t\t<\/div>\n\t\t\t\t<\/div>\n\t\t\t\t<\/div>","protected":false},"excerpt":{"rendered":"<p>AVISO LEGAL Rumboaltea Charter SLU 1. Datos identificativos En cumplimiento con la Ley 34\/2002, de 11 de julio, de Servicios de la Sociedad de la Informaci\u00f3n y Comercio Electr\u00f3nico (LSSI-CE), se informa que el presente sitio web es titularidad de: Rumboaltea Charter SLUNIF: B54777354Domicilio social: Carrer els Astres 5, 03581 Alfaz del Pi (Alicante)Email de [&hellip;]<\/p>\n","protected":false},"author":5,"featured_media":0,"parent":0,"menu_order":0,"comment_status":"closed","ping_status":"closed","template":"","meta":{"_uag_custom_page_level_css":"","site-sidebar-layout":"no-sidebar","site-content-layout":"page-builder","ast-site-content-layout":"full-width-container","site-content-style":"unboxed","site-sidebar-style":"unboxed","ast-global-header-display":"","ast-banner-title-visibility":"","ast-main-header-display":"","ast-hfb-above-header-display":"","ast-hfb-below-header-display":"","ast-hfb-mobile-header-display":"","site-post-title":"disabled","ast-breadcrumbs-content":"","ast-featured-img":"","footer-sml-layout":"","theme-transparent-header-meta":"disabled","adv-header-id-meta":"","stick-header-meta":"","header-above-stick-meta":"","header-main-stick-meta":"","header-below-stick-meta":"","astra-migrate-meta-layouts":"set","ast-page-background-enabled":"default","ast-page-background-meta":{"desktop":{"background-color":"","background-image":"","background-repeat":"repeat","background-position":"center center","background-size":"auto","background-attachment":"scroll","background-type":"","background-media":"","overlay-type":"","overlay-color":"","overlay-opacity":"","overlay-gradient":""},"tablet":{"background-color":"","background-image":"","background-repeat":"repeat","background-position":"center center","background-size":"auto","background-attachment":"scroll","background-type":"","background-media":"","overlay-type":"","overlay-color":"","overlay-opacity":"","overlay-gradient":""},"mobile":{"background-color":"","background-image":"","background-repeat":"repeat","background-position":"center center","background-size":"auto","background-attachment":"scroll","background-type":"","background-media":"","overlay-type":"","overlay-color":"","overlay-opacity":"","overlay-gradient":""}},"ast-content-background-meta":{"desktop":{"background-color":"var(--ast-global-color-5)","background-image":"","background-repeat":"repeat","background-position":"center center","background-size":"auto","background-attachment":"scroll","background-type":"","background-media":"","overlay-type":"","overlay-color":"","overlay-opacity":"","overlay-gradient":""},"tablet":{"background-color":"var(--ast-global-color-5)","background-image":"","background-repeat":"repeat","background-position":"center center","background-size":"auto","background-attachment":"scroll","background-type":"","background-media":"","overlay-type":"","overlay-color":"","overlay-opacity":"","overlay-gradient":""},"mobile":{"background-color":"var(--ast-global-color-5)","background-image":"","background-repeat":"repeat","background-position":"center center","background-size":"auto","background-attachment":"scroll","background-type":"","background-media":"","overlay-type":"","overlay-color":"","overlay-opacity":"","overlay-gradient":""}},"footnotes":""},"class_list":["post-17433","page","type-page","status-publish","hentry"],"uagb_featured_image_src":{"full":false,"thumbnail":false,"medium":false,"medium_large":false,"large":false,"1536x1536":false,"2048x2048":false,"trp-custom-language-flag":false},"uagb_author_info":{"display_name":"Celia","author_link":"https:\/\/rumboaltea.com\/fr\/author\/carettamarketingnauticogmail-com\/"},"uagb_comment_info":0,"uagb_excerpt":"AVISO LEGAL Rumboaltea Charter SLU 1. Datos identificativos En cumplimiento con la Ley 34\/2002, de 11 de julio, de Servicios de la Sociedad de la Informaci\u00f3n y Comercio Electr\u00f3nico (LSSI-CE), se informa que el presente sitio web es titularidad de: Rumboaltea Charter SLUNIF: B54777354Domicilio social: Carrer els Astres 5, 03581 Alfaz del Pi (Alicante)Email de\u2026","_links":{"self":[{"href":"https:\/\/rumboaltea.com\/fr\/wp-json\/wp\/v2\/pages\/17433","targetHints":{"allow":["GET"]}}],"collection":[{"href":"https:\/\/rumboaltea.com\/fr\/wp-json\/wp\/v2\/pages"}],"about":[{"href":"https:\/\/rumboaltea.com\/fr\/wp-json\/wp\/v2\/types\/page"}],"author":[{"embeddable":true,"href":"https:\/\/rumboaltea.com\/fr\/wp-json\/wp\/v2\/users\/5"}],"replies":[{"embeddable":true,"href":"https:\/\/rumboaltea.com\/fr\/wp-json\/wp\/v2\/comments?post=17433"}],"version-history":[{"count":16,"href":"https:\/\/rumboaltea.com\/fr\/wp-json\/wp\/v2\/pages\/17433\/revisions"}],"predecessor-version":[{"id":19203,"href":"https:\/\/rumboaltea.com\/fr\/wp-json\/wp\/v2\/pages\/17433\/revisions\/19203"}],"wp:attachment":[{"href":"https:\/\/rumboaltea.com\/fr\/wp-json\/wp\/v2\/media?parent=17433"}],"curies":[{"name":"wp","href":"https:\/\/api.w.org\/{rel}","templated":true}]}}