{"id":17448,"date":"2025-12-01T12:49:45","date_gmt":"2025-12-01T11:49:45","guid":{"rendered":"https:\/\/darksalmon-panther-935429.hostingersite.com\/?page_id=17448"},"modified":"2026-01-23T13:02:00","modified_gmt":"2026-01-23T12:02:00","slug":"politique-de-confidentialite","status":"publish","type":"page","link":"https:\/\/rumboaltea.com\/fr\/politique-de-confidentialite\/","title":{"rendered":"Politique de confidentialit\u00e9"},"content":{"rendered":"<div data-elementor-type=\"wp-page\" data-elementor-id=\"17448\" class=\"elementor elementor-17448\" data-elementor-post-type=\"page\">\n\t\t\t\t<div class=\"elementor-element elementor-element-632a7fa e-flex e-con-boxed e-con e-parent\" data-id=\"632a7fa\" data-element_type=\"container\" data-settings=\"{&quot;background_background&quot;:&quot;classic&quot;}\">\n\t\t\t\t\t<div class=\"e-con-inner\">\n\t\t<div class=\"elementor-element elementor-element-868c7c6 e-con-full e-flex e-con e-child\" data-id=\"868c7c6\" data-element_type=\"container\" data-settings=\"{&quot;background_background&quot;:&quot;classic&quot;}\">\n\t\t\t\t<div class=\"elementor-element elementor-element-735da12 elementor-widget elementor-widget-heading\" data-id=\"735da12\" data-element_type=\"widget\" data-widget_type=\"heading.default\">\n\t\t\t\t<div class=\"elementor-widget-container\">\n\t\t\t\t\t<h1 class=\"elementor-heading-title elementor-size-default\">POLITIQUE DE CONFIDENTIALIT\u00c9 (RGPD + LOPDGDD)<\/h1>\t\t\t\t<\/div>\n\t\t\t\t<\/div>\n\t\t\t\t<div class=\"elementor-element elementor-element-e027fbb elementor-widget elementor-widget-heading\" data-id=\"e027fbb\" data-element_type=\"widget\" data-widget_type=\"heading.default\">\n\t\t\t\t<div class=\"elementor-widget-container\">\n\t\t\t\t\t<h2 class=\"elementor-heading-title elementor-size-default\">Charte Rumboaltea SLU<\/h2>\t\t\t\t<\/div>\n\t\t\t\t<\/div>\n\t\t\t\t<div class=\"elementor-element elementor-element-18709e7 elementor-widget elementor-widget-heading\" data-id=\"18709e7\" data-element_type=\"widget\" data-widget_type=\"heading.default\">\n\t\t\t\t<div class=\"elementor-widget-container\">\n\t\t\t\t\t<h3 class=\"elementor-heading-title elementor-size-default\">Identit\u00e9 du responsable du traitement<\/h3>\t\t\t\t<\/div>\n\t\t\t\t<\/div>\n\t\t\t\t<div class=\"elementor-element elementor-element-584e1d7 elementor-widget elementor-widget-text-editor\" data-id=\"584e1d7\" data-element_type=\"widget\" data-widget_type=\"text-editor.default\">\n\t\t\t\t<div class=\"elementor-widget-container\">\n\t\t\t\t\t\t\t\t\t<p data-start=\"541\" data-end=\"712\">Conform\u00e9ment au r\u00e8glement (UE) 2016\/679 (RGPD) et \u00e0 la loi organique 3\/2018 (LOPDGDD), nous vous informons que les donn\u00e9es personnelles collect\u00e9es sur ce site web seront trait\u00e9es par :<\/p><p data-start=\"714\" data-end=\"906\"><strong data-start=\"714\" data-end=\"740\">Charte Rumboaltea SLU<\/strong><br data-start=\"740\" data-end=\"743\" \/>FNI : <strong data-start=\"748\" data-end=\"761\">B54777354<\/strong><br data-start=\"761\" data-end=\"764\" \/>Si\u00e8ge social : <strong data-start=\"782\" data-end=\"836\">Carrer els Astres 5, 03581 Alfaz del Pi (Alicante)<\/strong><br data-start=\"836\" data-end=\"839\" \/>Courriel : <strong data-start=\"846\" data-end=\"870\"><a class=\"decorated-link cursor-pointer\" rel=\"noopener\" data-start=\"848\" data-end=\"868\">rumboaltea@gmail.com<\/a><\/strong><br data-start=\"870\" data-end=\"873\" \/>Site web : <strong data-start=\"884\" data-end=\"906\"><a class=\"decorated-link cursor-pointer\" target=\"_new\" rel=\"noopener\" data-start=\"886\" data-end=\"904\">www.darksalmon-panther-935429.hostingersite.com<\/a><\/strong><\/p>\t\t\t\t\t\t\t\t<\/div>\n\t\t\t\t<\/div>\n\t\t\t\t<div class=\"elementor-element elementor-element-0e436b7 elementor-widget elementor-widget-heading\" data-id=\"0e436b7\" data-element_type=\"widget\" data-widget_type=\"heading.default\">\n\t\t\t\t<div class=\"elementor-widget-container\">\n\t\t\t\t\t<h3 class=\"elementor-heading-title elementor-size-default\">2. Donn\u00e9es collect\u00e9es<\/h3>\t\t\t\t<\/div>\n\t\t\t\t<\/div>\n\t\t\t\t<div class=\"elementor-element elementor-element-b5d84d7 elementor-widget elementor-widget-text-editor\" data-id=\"b5d84d7\" data-element_type=\"widget\" data-widget_type=\"text-editor.default\">\n\t\t\t\t<div class=\"elementor-widget-container\">\n\t\t\t\t\t\t\t\t\t<p data-start=\"947\" data-end=\"1067\">A travers les diff\u00e9rents formulaires du site (contact, r\u00e9servations, demandes d'informations), nous pouvons collecter :<\/p><ul data-start=\"1069\" data-end=\"1222\"><li data-start=\"1069\" data-end=\"1091\"><p data-start=\"1071\" data-end=\"1091\">Nom et pr\u00e9nom<\/p><\/li><li data-start=\"1092\" data-end=\"1104\"><p data-start=\"1094\" data-end=\"1104\">T\u00e9l\u00e9phone<\/p><\/li><li data-start=\"1105\" data-end=\"1114\"><p data-start=\"1107\" data-end=\"1114\">Courriel<\/p><\/li><li data-start=\"1115\" data-end=\"1154\"><p data-start=\"1117\" data-end=\"1154\">Date ou type de service demand\u00e9<\/p><\/li><li data-start=\"1155\" data-end=\"1222\"><p data-start=\"1157\" data-end=\"1222\">Messages, demandes ou donn\u00e9es suppl\u00e9mentaires \u00e0 inclure par l'utilisateur<\/p><\/li><\/ul>\t\t\t\t\t\t\t\t<\/div>\n\t\t\t\t<\/div>\n\t\t\t\t<div class=\"elementor-element elementor-element-02d7e24 elementor-widget elementor-widget-heading\" data-id=\"02d7e24\" data-element_type=\"widget\" data-widget_type=\"heading.default\">\n\t\t\t\t<div class=\"elementor-widget-container\">\n\t\t\t\t\t<h3 class=\"elementor-heading-title elementor-size-default\">3. Finalit\u00e9 du traitement<\/h3>\t\t\t\t<\/div>\n\t\t\t\t<\/div>\n\t\t\t\t<div class=\"elementor-element elementor-element-8218276 elementor-widget elementor-widget-text-editor\" data-id=\"8218276\" data-element_type=\"widget\" data-widget_type=\"text-editor.default\">\n\t\t\t\t<div class=\"elementor-widget-container\">\n\t\t\t\t\t\t\t\t\t<p data-start=\"1267\" data-end=\"1329\">Les donn\u00e9es \u00e0 caract\u00e8re personnel sont trait\u00e9es aux fins suivantes :<\/p><ul data-start=\"1331\" data-end=\"1684\"><li data-start=\"1331\" data-end=\"1424\"><p data-start=\"1333\" data-end=\"1424\">G\u00e9rer les r\u00e9servations, les demandes et les communications relatives aux services offerts.<\/p><\/li><li data-start=\"1425\" data-end=\"1506\"><p data-start=\"1427\" data-end=\"1506\">R\u00e9pondre aux questions envoy\u00e9es par le biais du formulaire ou par courrier \u00e9lectronique<\/p><\/li><li data-start=\"1507\" data-end=\"1560\"><p data-start=\"1509\" data-end=\"1560\">Traitement de la relation contractuelle ou pr\u00e9contractuelle<\/p><\/li><li data-start=\"1561\" data-end=\"1609\"><p data-start=\"1563\" data-end=\"1609\">Envoyer les informations demand\u00e9es par l'utilisateur<\/p><\/li><li data-start=\"1610\" data-end=\"1684\"><p data-start=\"1612\" data-end=\"1684\">Am\u00e9liorer l'exp\u00e9rience des utilisateurs sur le web et la qualit\u00e9 du service<\/p><\/li><\/ul><p data-start=\"1686\" data-end=\"1796\">Il n'y a pas de profilage automatis\u00e9 ni de d\u00e9cisions prises uniquement sur la base de processus automatis\u00e9s.<\/p>\t\t\t\t\t\t\t\t<\/div>\n\t\t\t\t<\/div>\n\t\t\t\t<div class=\"elementor-element elementor-element-455996f elementor-widget elementor-widget-heading\" data-id=\"455996f\" data-element_type=\"widget\" data-widget_type=\"heading.default\">\n\t\t\t\t<div class=\"elementor-widget-container\">\n\t\t\t\t\t<h3 class=\"elementor-heading-title elementor-size-default\">4. L\u00e9gitimation du traitement<\/h3>\t\t\t\t<\/div>\n\t\t\t\t<\/div>\n\t\t\t\t<div class=\"elementor-element elementor-element-0a620ee elementor-widget elementor-widget-text-editor\" data-id=\"0a620ee\" data-element_type=\"widget\" data-widget_type=\"text-editor.default\">\n\t\t\t\t<div class=\"elementor-widget-container\">\n\t\t\t\t\t\t\t\t\t<p data-start=\"1844\" data-end=\"1901\">La base juridique permettant le traitement des donn\u00e9es est la suivante :<\/p><ul data-start=\"1903\" data-end=\"2134\"><li data-start=\"1903\" data-end=\"1975\"><p data-start=\"1905\" data-end=\"1975\"><strong data-start=\"1905\" data-end=\"1935\">Consentement de l'utilisateur<\/strong>, en cochant la case appropri\u00e9e<\/p><\/li><li data-start=\"1976\" data-end=\"2049\"><p data-start=\"1978\" data-end=\"2049\"><strong data-start=\"1978\" data-end=\"2006\">Ex\u00e9cution d'un contrat<\/strong> o l'application de mesures pr\u00e9contractuelles<\/p><\/li><li data-start=\"2050\" data-end=\"2134\"><p data-start=\"2052\" data-end=\"2134\"><strong data-start=\"2052\" data-end=\"2072\">Int\u00e9r\u00eat l\u00e9gitime<\/strong> de la personne responsable de la gestion administrative des candidatures<\/p><\/li><\/ul>\t\t\t\t\t\t\t\t<\/div>\n\t\t\t\t<\/div>\n\t\t\t\t<div class=\"elementor-element elementor-element-9e25d91 elementor-widget elementor-widget-heading\" data-id=\"9e25d91\" data-element_type=\"widget\" data-widget_type=\"heading.default\">\n\t\t\t\t<div class=\"elementor-widget-container\">\n\t\t\t\t\t<h3 class=\"elementor-heading-title elementor-size-default\">5. Conservation des donn\u00e9es<\/h3>\t\t\t\t<\/div>\n\t\t\t\t<\/div>\n\t\t\t\t<div class=\"elementor-element elementor-element-60c862a elementor-widget elementor-widget-text-editor\" data-id=\"60c862a\" data-element_type=\"widget\" data-widget_type=\"text-editor.default\">\n\t\t\t\t<div class=\"elementor-widget-container\">\n\t\t\t\t\t\t\t\t\t<p data-start=\"2179\" data-end=\"2204\">Les donn\u00e9es seront conserv\u00e9es :<\/p><ul data-start=\"2206\" data-end=\"2402\"><li data-start=\"2206\" data-end=\"2261\"><p data-start=\"2208\" data-end=\"2261\">Tant qu'il existe une relation contractuelle ou de service<\/p><\/li><li data-start=\"2262\" data-end=\"2310\"><p data-start=\"2264\" data-end=\"2310\">Tant que l'utilisateur ne demande pas sa suppression<\/p><\/li><li data-start=\"2311\" data-end=\"2402\"><p data-start=\"2313\" data-end=\"2402\">Pendant les d\u00e9lais l\u00e9gaux requis pour les responsabilit\u00e9s administratives ou fiscales<\/p><\/li><\/ul>\t\t\t\t\t\t\t\t<\/div>\n\t\t\t\t<\/div>\n\t\t\t\t<div class=\"elementor-element elementor-element-44f9a70 elementor-widget elementor-widget-heading\" data-id=\"44f9a70\" data-element_type=\"widget\" data-widget_type=\"heading.default\">\n\t\t\t\t<div class=\"elementor-widget-container\">\n\t\t\t\t\t<h3 class=\"elementor-heading-title elementor-size-default\">6. Destinataires<\/h3>\t\t\t\t<\/div>\n\t\t\t\t<\/div>\n\t\t\t\t<div class=\"elementor-element elementor-element-820c85b elementor-widget elementor-widget-text-editor\" data-id=\"820c85b\" data-element_type=\"widget\" data-widget_type=\"text-editor.default\">\n\t\t\t\t<div class=\"elementor-widget-container\">\n\t\t\t\t\t\t\t\t\t<p>Aucune donn\u00e9e n'est transmise \u00e0 des tiers, sauf en cas d'obligation l\u00e9gale.<br data-start=\"2490\" data-end=\"2493\" \/>Dans le cas de l'utilisation de services externes (h\u00e9bergement, courrier \u00e9lectronique, outils de r\u00e9servation), ceux-ci agiront en tant que <strong data-start=\"2597\" data-end=\"2626\">les responsables du traitement des donn\u00e9es<\/strong>, avec des contrats conformes au GDPR.<\/p>\t\t\t\t\t\t\t\t<\/div>\n\t\t\t\t<\/div>\n\t\t\t\t<div class=\"elementor-element elementor-element-a2068f6 elementor-widget elementor-widget-heading\" data-id=\"a2068f6\" data-element_type=\"widget\" data-widget_type=\"heading.default\">\n\t\t\t\t<div class=\"elementor-widget-container\">\n\t\t\t\t\t<h3 class=\"elementor-heading-title elementor-size-default\">7. Droits de l'utilisateur<\/h3>\t\t\t\t<\/div>\n\t\t\t\t<\/div>\n\t\t\t\t<div class=\"elementor-element elementor-element-fa47e1e elementor-widget elementor-widget-text-editor\" data-id=\"fa47e1e\" data-element_type=\"widget\" data-widget_type=\"text-editor.default\">\n\t\t\t\t<div class=\"elementor-widget-container\">\n\t\t\t\t\t\t\t\t\t<p data-start=\"2700\" data-end=\"2749\">L'utilisateur peut exercer les droits suivants :<\/p><ul data-start=\"2751\" data-end=\"2855\"><li data-start=\"2751\" data-end=\"2761\"><p data-start=\"2753\" data-end=\"2761\">Acc\u00e8s<\/p><\/li><li data-start=\"2762\" data-end=\"2779\"><p data-start=\"2764\" data-end=\"2779\">Correction<\/p><\/li><li data-start=\"2780\" data-end=\"2793\"><p data-start=\"2782\" data-end=\"2793\">Suppression<\/p><\/li><li data-start=\"2794\" data-end=\"2824\"><p data-start=\"2796\" data-end=\"2824\">Limitation du traitement<\/p><\/li><li data-start=\"2825\" data-end=\"2838\"><p data-start=\"2827\" data-end=\"2838\">Opposition<\/p><\/li><li data-start=\"2839\" data-end=\"2855\"><p data-start=\"2841\" data-end=\"2855\">Portabilit\u00e9<\/p><\/li><\/ul><p data-start=\"2857\" data-end=\"2908\">En envoyant un courriel \u00e0<br data-start=\"2878\" data-end=\"2881\" \/><strong data-start=\"2884\" data-end=\"2908\"><a class=\"decorated-link cursor-pointer\" rel=\"noopener\" data-start=\"2886\" data-end=\"2906\">rumboaltea@gmail.com<\/a><\/strong><\/p><p data-start=\"2910\" data-end=\"2961\">Vous recevrez une r\u00e9ponse dans un d\u00e9lai maximum de <strong data-start=\"2949\" data-end=\"2960\">30 jours<\/strong>.<\/p>\t\t\t\t\t\t\t\t<\/div>\n\t\t\t\t<\/div>\n\t\t\t\t<div class=\"elementor-element elementor-element-dd27b53 elementor-widget elementor-widget-heading\" data-id=\"dd27b53\" data-element_type=\"widget\" data-widget_type=\"heading.default\">\n\t\t\t\t<div class=\"elementor-widget-container\">\n\t\t\t\t\t<h3 class=\"elementor-heading-title elementor-size-default\">8. S\u00e9curit\u00e9 des donn\u00e9es<\/h3>\t\t\t\t<\/div>\n\t\t\t\t<\/div>\n\t\t\t\t<div class=\"elementor-element elementor-element-5173127 elementor-widget elementor-widget-text-editor\" data-id=\"5173127\" data-element_type=\"widget\" data-widget_type=\"text-editor.default\">\n\t\t\t\t<div class=\"elementor-widget-container\">\n\t\t\t\t\t\t\t\t\t<p>Rumboaltea applique des mesures techniques et organisationnelles pour garantir la s\u00e9curit\u00e9 et la confidentialit\u00e9 des donn\u00e9es trait\u00e9es.<\/p>\t\t\t\t\t\t\t\t<\/div>\n\t\t\t\t<\/div>\n\t\t\t\t<div class=\"elementor-element elementor-element-6fe7b26 elementor-widget elementor-widget-heading\" data-id=\"6fe7b26\" data-element_type=\"widget\" data-widget_type=\"heading.default\">\n\t\t\t\t<div class=\"elementor-widget-container\">\n\t\t\t\t\t<h3 class=\"elementor-heading-title elementor-size-default\">9. Modifications<\/h3>\t\t\t\t<\/div>\n\t\t\t\t<\/div>\n\t\t\t\t<div class=\"elementor-element elementor-element-c11004c elementor-widget elementor-widget-text-editor\" data-id=\"c11004c\" data-element_type=\"widget\" data-widget_type=\"text-editor.default\">\n\t\t\t\t<div class=\"elementor-widget-container\">\n\t\t\t\t\t\t\t\t\t<p data-start=\"3158\" data-end=\"3271\">La pr\u00e9sente politique de confidentialit\u00e9 peut \u00eatre mise \u00e0 jour pour s'adapter aux changements r\u00e9glementaires ou op\u00e9rationnels.<\/p>\t\t\t\t\t\t\t\t<\/div>\n\t\t\t\t<\/div>\n\t\t\t\t<\/div>\n\t\t\t\t\t<\/div>\n\t\t\t\t<\/div>\n\t\t\t\t<\/div>","protected":false},"excerpt":{"rendered":"<p>POL\u00cdTICA DE PRIVACIDAD (RGPD + LOPDGDD) Rumboaltea Charter SLU 1. Identidad del responsable del tratamiento En cumplimiento del Reglamento (UE) 2016\/679 (RGPD) y la Ley Org\u00e1nica 3\/2018 (LOPDGDD), se informa que los datos personales recogidos en este sitio web ser\u00e1n tratados por: Rumboaltea Charter SLUNIF: B54777354Domicilio social: Carrer els Astres 5, 03581 Alfaz del Pi [&hellip;]<\/p>\n","protected":false},"author":5,"featured_media":0,"parent":0,"menu_order":0,"comment_status":"closed","ping_status":"closed","template":"","meta":{"_uag_custom_page_level_css":"","site-sidebar-layout":"no-sidebar","site-content-layout":"page-builder","ast-site-content-layout":"full-width-container","site-content-style":"unboxed","site-sidebar-style":"unboxed","ast-global-header-display":"","ast-banner-title-visibility":"","ast-main-header-display":"","ast-hfb-above-header-display":"","ast-hfb-below-header-display":"","ast-hfb-mobile-header-display":"","site-post-title":"disabled","ast-breadcrumbs-content":"","ast-featured-img":"","footer-sml-layout":"","theme-transparent-header-meta":"disabled","adv-header-id-meta":"","stick-header-meta":"","header-above-stick-meta":"","header-main-stick-meta":"","header-below-stick-meta":"","astra-migrate-meta-layouts":"set","ast-page-background-enabled":"default","ast-page-background-meta":{"desktop":{"background-color":"","background-image":"","background-repeat":"repeat","background-position":"center center","background-size":"auto","background-attachment":"scroll","background-type":"","background-media":"","overlay-type":"","overlay-color":"","overlay-opacity":"","overlay-gradient":""},"tablet":{"background-color":"","background-image":"","background-repeat":"repeat","background-position":"center center","background-size":"auto","background-attachment":"scroll","background-type":"","background-media":"","overlay-type":"","overlay-color":"","overlay-opacity":"","overlay-gradient":""},"mobile":{"background-color":"","background-image":"","background-repeat":"repeat","background-position":"center center","background-size":"auto","background-attachment":"scroll","background-type":"","background-media":"","overlay-type":"","overlay-color":"","overlay-opacity":"","overlay-gradient":""}},"ast-content-background-meta":{"desktop":{"background-color":"var(--ast-global-color-5)","background-image":"","background-repeat":"repeat","background-position":"center center","background-size":"auto","background-attachment":"scroll","background-type":"","background-media":"","overlay-type":"","overlay-color":"","overlay-opacity":"","overlay-gradient":""},"tablet":{"background-color":"var(--ast-global-color-5)","background-image":"","background-repeat":"repeat","background-position":"center center","background-size":"auto","background-attachment":"scroll","background-type":"","background-media":"","overlay-type":"","overlay-color":"","overlay-opacity":"","overlay-gradient":""},"mobile":{"background-color":"var(--ast-global-color-5)","background-image":"","background-repeat":"repeat","background-position":"center center","background-size":"auto","background-attachment":"scroll","background-type":"","background-media":"","overlay-type":"","overlay-color":"","overlay-opacity":"","overlay-gradient":""}},"footnotes":""},"class_list":["post-17448","page","type-page","status-publish","hentry"],"uagb_featured_image_src":{"full":false,"thumbnail":false,"medium":false,"medium_large":false,"large":false,"1536x1536":false,"2048x2048":false,"trp-custom-language-flag":false},"uagb_author_info":{"display_name":"Celia","author_link":"https:\/\/rumboaltea.com\/fr\/author\/carettamarketingnauticogmail-com\/"},"uagb_comment_info":0,"uagb_excerpt":"POL\u00cdTICA DE PRIVACIDAD (RGPD + LOPDGDD) Rumboaltea Charter SLU 1. Identidad del responsable del tratamiento En cumplimiento del Reglamento (UE) 2016\/679 (RGPD) y la Ley Org\u00e1nica 3\/2018 (LOPDGDD), se informa que los datos personales recogidos en este sitio web ser\u00e1n tratados por: Rumboaltea Charter SLUNIF: B54777354Domicilio social: Carrer els Astres 5, 03581 Alfaz del Pi\u2026","_links":{"self":[{"href":"https:\/\/rumboaltea.com\/fr\/wp-json\/wp\/v2\/pages\/17448","targetHints":{"allow":["GET"]}}],"collection":[{"href":"https:\/\/rumboaltea.com\/fr\/wp-json\/wp\/v2\/pages"}],"about":[{"href":"https:\/\/rumboaltea.com\/fr\/wp-json\/wp\/v2\/types\/page"}],"author":[{"embeddable":true,"href":"https:\/\/rumboaltea.com\/fr\/wp-json\/wp\/v2\/users\/5"}],"replies":[{"embeddable":true,"href":"https:\/\/rumboaltea.com\/fr\/wp-json\/wp\/v2\/comments?post=17448"}],"version-history":[{"count":8,"href":"https:\/\/rumboaltea.com\/fr\/wp-json\/wp\/v2\/pages\/17448\/revisions"}],"predecessor-version":[{"id":18777,"href":"https:\/\/rumboaltea.com\/fr\/wp-json\/wp\/v2\/pages\/17448\/revisions\/18777"}],"wp:attachment":[{"href":"https:\/\/rumboaltea.com\/fr\/wp-json\/wp\/v2\/media?parent=17448"}],"curies":[{"name":"wp","href":"https:\/\/api.w.org\/{rel}","templated":true}]}}