{"id":19196,"date":"2026-03-05T09:29:10","date_gmt":"2026-03-05T08:29:10","guid":{"rendered":"https:\/\/rumboaltea.com\/?page_id=19196"},"modified":"2026-03-05T09:34:40","modified_gmt":"2026-03-05T08:34:40","slug":"politique-en-matiere-de-cookies","status":"publish","type":"page","link":"https:\/\/rumboaltea.com\/fr\/politique-en-matiere-de-cookies\/","title":{"rendered":"Politique en mati\u00e8re de cookies"},"content":{"rendered":"<div data-elementor-type=\"wp-page\" data-elementor-id=\"19196\" class=\"elementor elementor-19196\" data-elementor-post-type=\"page\">\n\t\t\t\t<div class=\"elementor-element elementor-element-632a7fa e-flex e-con-boxed e-con e-parent\" data-id=\"632a7fa\" data-element_type=\"container\" data-settings=\"{&quot;background_background&quot;:&quot;classic&quot;}\">\n\t\t\t\t\t<div class=\"e-con-inner\">\n\t\t<div class=\"elementor-element elementor-element-868c7c6 e-con-full e-flex e-con e-child\" data-id=\"868c7c6\" data-element_type=\"container\">\n\t\t\t\t<div class=\"elementor-element elementor-element-735da12 elementor-widget elementor-widget-heading\" data-id=\"735da12\" data-element_type=\"widget\" data-widget_type=\"heading.default\">\n\t\t\t\t<div class=\"elementor-widget-container\">\n\t\t\t\t\t<h1 class=\"elementor-heading-title elementor-size-default\">POLITIQUE EN MATI\u00c8RE DE COOKIES<\/h1>\t\t\t\t<\/div>\n\t\t\t\t<\/div>\n\t\t\t\t<div class=\"elementor-element elementor-element-b5d84d7 elementor-widget elementor-widget-text-editor\" data-id=\"b5d84d7\" data-element_type=\"widget\" data-widget_type=\"text-editor.default\">\n\t\t\t\t<div class=\"elementor-widget-container\">\n\t\t\t\t\t\t\t\t\t<p class=\"p1\"><b style=\"font-style: inherit; font-family: Montserrat, sans-serif; font-size: 22px; letter-spacing: 2.5px; text-decoration-line: initial; text-transform: uppercase;\">Qu'est-ce qu'un biscuit ?<\/b><\/p><p class=\"p1\">Les cookies sont de petits fichiers texte qui sont stock\u00e9s sur l'appareil de l'utilisateur (ordinateur, tablette ou mobile) lorsqu'il visite un site web. Ils servent \u00e0 m\u00e9moriser des informations relatives \u00e0 la visite, telles que la langue pr\u00e9f\u00e9r\u00e9e, les options de navigation ou les habitudes d'utilisation, et peuvent faciliter les visites ult\u00e9rieures.<\/p><h3><b>Quels types de cookies ce site web utilise-t-il ?<\/b><\/h3><h4><b>1. les cookies techniques (obligatoires)<\/b><\/h4><p class=\"p1\">Ils sont indispensables au bon fonctionnement du site web. Ils permettent la navigation et l'utilisation des diff\u00e9rentes options ou services qui existent sur le site, tels que :<\/p><ul><li><p class=\"p1\">Contr\u00f4le du trafic et communication de donn\u00e9es<\/p><\/li><li><p class=\"p1\">ID de la session<\/p><\/li><li><p class=\"p1\">Acc\u00e8s aux zones restreintes<\/p><\/li><li><p class=\"p1\">Utilisation des formulaires<\/p><\/li><\/ul><p class=\"p1\">Ces cookies ne n\u00e9cessitent pas de consentement pr\u00e9alable.<\/p><h4><b>2. Cookies analytiques<\/b><\/h4><p class=\"p1\">Ils nous permettent de quantifier le nombre d'utilisateurs et d'effectuer des mesures statistiques et des analyses de l'utilisation faite par les utilisateurs du site web. Pour ce faire, leur navigation est analys\u00e9e afin d'am\u00e9liorer le contenu et les services propos\u00e9s.<\/p><p class=\"p1\">Il peut s'agir de cookies provenant de :<\/p><ul><li><p class=\"p1\"><span class=\"s1\">Google<\/span> (Google Analytics)<\/p><\/li><\/ul><h4><b>3. Cookies de personnalisation<\/b><\/h4><p class=\"p1\">Ils permettent de m\u00e9moriser des informations afin que l'utilisateur acc\u00e8de au service avec certaines caract\u00e9ristiques susceptibles de diff\u00e9rencier son exp\u00e9rience, telles que la langue ou le type de navigateur.<\/p><h4><b>4. Cookies publicitaires (le cas \u00e9ch\u00e9ant)<\/b><\/h4><p class=\"p1\">Ils permettent de g\u00e9rer les espaces publicitaires de la mani\u00e8re la plus efficace possible, en adaptant, le cas \u00e9ch\u00e9ant, le contenu publicitaire \u00e0 l'utilisation du site web par l'utilisateur.<\/p><h3><b>Cookies de tiers<\/b><\/h3><p class=\"p1\">Ce site web utilise des services tiers qui collectent des informations \u00e0 des fins statistiques et sur l'utilisation du site web par l'utilisateur.<\/p><p class=\"p1\">Par exemple :<\/p><ul><li><p class=\"p1\"><span class=\"s1\"><b>Google Analytics<\/b><\/span>recueille des informations anonymes sur la navigation, telles que le nombre de visiteurs, les pages visit\u00e9es ou la dur\u00e9e de la session.<\/p><\/li><\/ul><p class=\"p1\">Vous pouvez consulter les r\u00e8gles de confidentialit\u00e9 de Google ici :<\/p><p class=\"p1\">https:\/\/policies.google.com\/privacy<\/p><hr \/><h3><b>Base juridique pour l'utilisation de cookies<\/b><\/h3><p class=\"p1\">La base juridique de l'utilisation de cookies non n\u00e9cessaires est le consentement de l'utilisateur, qui est demand\u00e9 lors de l'acc\u00e8s au site web via la banni\u00e8re de cookies g\u00e9r\u00e9e par CookieYes.<\/p><hr \/><h3><b>Comment g\u00e9rer ou d\u00e9sactiver les cookies<\/b><\/h3><p class=\"p1\">Vous pouvez autoriser, bloquer ou supprimer les cookies install\u00e9s sur votre appareil en configurant les param\u00e8tres de votre navigateur :<\/p><ul><li><p class=\"p1\">Chrome : https:\/\/support.google.com\/chrome\/answer\/95647<\/p><\/li><li><p class=\"p1\">Firefox : https:\/\/support.mozilla.org\/es\/kb\/habilitar-y-deshabilitar-cookies<\/p><\/li><li><p class=\"p1\">Safari : https:\/\/support.apple.com\/es-es\/guide\/safari\/sfri11471\/mac<\/p><\/li><li><p class=\"p1\">Bord : https:\/\/support.microsoft.com\/es-es\/help\/4027947<\/p><\/li><\/ul><p class=\"p1\">Veuillez noter que la d\u00e9sactivation de certains cookies peut affecter le bon fonctionnement du site web.<\/p><h3><b>Conservation des donn\u00e9es<\/b><\/h3><p class=\"p1\">Les cookies sont conserv\u00e9s pendant la dur\u00e9e n\u00e9cessaire \u00e0 la r\u00e9alisation de leur objectif sp\u00e9cifique ou jusqu'\u00e0 ce que l'utilisateur demande leur suppression.<\/p><h3><b>Mise \u00e0 jour de la politique en mati\u00e8re de cookies<\/b><\/h3><p class=\"p1\">Cette politique peut \u00eatre modifi\u00e9e en fonction des exigences l\u00e9gislatives ou pour l'adapter aux instructions de l'Agence espagnole de protection des donn\u00e9es. Il est recommand\u00e9 de la r\u00e9viser p\u00e9riodiquement.<\/p>\t\t\t\t\t\t\t\t<\/div>\n\t\t\t\t<\/div>\n\t\t\t\t<div class=\"elementor-element elementor-element-820c85b elementor-widget elementor-widget-text-editor\" data-id=\"820c85b\" data-element_type=\"widget\" data-widget_type=\"text-editor.default\">\n\t\t\t\t<div class=\"elementor-widget-container\">\n\t\t\t\t\t\t\t\t\t<p>Ce site web peut inclure des liens vers des sites web de tiers.<br data-start=\"3168\" data-end=\"3171\" \/>Rumboaltea Charter SLU n'est pas responsable du contenu ou des politiques de ces sites web externes.<\/p>\t\t\t\t\t\t\t\t<\/div>\n\t\t\t\t<\/div>\n\t\t\t\t<\/div>\n\t\t\t\t\t<\/div>\n\t\t\t\t<\/div>\n\t\t\t\t<\/div>","protected":false},"excerpt":{"rendered":"<p>POL\u00cdTICA DE COOKIES \u00bfQu\u00e9 son las cookies? Las cookies son peque\u00f1os archivos de texto que se almacenan en el dispositivo del usuario (ordenador, tablet o m\u00f3vil) cuando visita una p\u00e1gina web. Sirven para recordar informaci\u00f3n sobre la visita, como el idioma preferido, opciones de navegaci\u00f3n o h\u00e1bitos de uso, y pueden facilitar futuras visitas. \u00bfQu\u00e9 [&hellip;]<\/p>\n","protected":false},"author":5,"featured_media":0,"parent":0,"menu_order":0,"comment_status":"closed","ping_status":"closed","template":"","meta":{"_uag_custom_page_level_css":"","site-sidebar-layout":"no-sidebar","site-content-layout":"page-builder","ast-site-content-layout":"full-width-container","site-content-style":"unboxed","site-sidebar-style":"unboxed","ast-global-header-display":"","ast-banner-title-visibility":"","ast-main-header-display":"","ast-hfb-above-header-display":"","ast-hfb-below-header-display":"","ast-hfb-mobile-header-display":"","site-post-title":"disabled","ast-breadcrumbs-content":"","ast-featured-img":"","footer-sml-layout":"","theme-transparent-header-meta":"disabled","adv-header-id-meta":"","stick-header-meta":"","header-above-stick-meta":"","header-main-stick-meta":"","header-below-stick-meta":"","astra-migrate-meta-layouts":"set","ast-page-background-enabled":"default","ast-page-background-meta":{"desktop":{"background-color":"","background-image":"","background-repeat":"repeat","background-position":"center center","background-size":"auto","background-attachment":"scroll","background-type":"","background-media":"","overlay-type":"","overlay-color":"","overlay-opacity":"","overlay-gradient":""},"tablet":{"background-color":"","background-image":"","background-repeat":"repeat","background-position":"center center","background-size":"auto","background-attachment":"scroll","background-type":"","background-media":"","overlay-type":"","overlay-color":"","overlay-opacity":"","overlay-gradient":""},"mobile":{"background-color":"","background-image":"","background-repeat":"repeat","background-position":"center center","background-size":"auto","background-attachment":"scroll","background-type":"","background-media":"","overlay-type":"","overlay-color":"","overlay-opacity":"","overlay-gradient":""}},"ast-content-background-meta":{"desktop":{"background-color":"var(--ast-global-color-5)","background-image":"","background-repeat":"repeat","background-position":"center center","background-size":"auto","background-attachment":"scroll","background-type":"","background-media":"","overlay-type":"","overlay-color":"","overlay-opacity":"","overlay-gradient":""},"tablet":{"background-color":"var(--ast-global-color-5)","background-image":"","background-repeat":"repeat","background-position":"center center","background-size":"auto","background-attachment":"scroll","background-type":"","background-media":"","overlay-type":"","overlay-color":"","overlay-opacity":"","overlay-gradient":""},"mobile":{"background-color":"var(--ast-global-color-5)","background-image":"","background-repeat":"repeat","background-position":"center center","background-size":"auto","background-attachment":"scroll","background-type":"","background-media":"","overlay-type":"","overlay-color":"","overlay-opacity":"","overlay-gradient":""}},"footnotes":""},"class_list":["post-19196","page","type-page","status-publish","hentry"],"uagb_featured_image_src":{"full":false,"thumbnail":false,"medium":false,"medium_large":false,"large":false,"1536x1536":false,"2048x2048":false,"trp-custom-language-flag":false},"uagb_author_info":{"display_name":"Celia","author_link":"https:\/\/rumboaltea.com\/fr\/author\/carettamarketingnauticogmail-com\/"},"uagb_comment_info":0,"uagb_excerpt":"POL\u00cdTICA DE COOKIES \u00bfQu\u00e9 son las cookies? Las cookies son peque\u00f1os archivos de texto que se almacenan en el dispositivo del usuario (ordenador, tablet o m\u00f3vil) cuando visita una p\u00e1gina web. Sirven para recordar informaci\u00f3n sobre la visita, como el idioma preferido, opciones de navegaci\u00f3n o h\u00e1bitos de uso, y pueden facilitar futuras visitas. \u00bfQu\u00e9\u2026","_links":{"self":[{"href":"https:\/\/rumboaltea.com\/fr\/wp-json\/wp\/v2\/pages\/19196","targetHints":{"allow":["GET"]}}],"collection":[{"href":"https:\/\/rumboaltea.com\/fr\/wp-json\/wp\/v2\/pages"}],"about":[{"href":"https:\/\/rumboaltea.com\/fr\/wp-json\/wp\/v2\/types\/page"}],"author":[{"embeddable":true,"href":"https:\/\/rumboaltea.com\/fr\/wp-json\/wp\/v2\/users\/5"}],"replies":[{"embeddable":true,"href":"https:\/\/rumboaltea.com\/fr\/wp-json\/wp\/v2\/comments?post=19196"}],"version-history":[{"count":4,"href":"https:\/\/rumboaltea.com\/fr\/wp-json\/wp\/v2\/pages\/19196\/revisions"}],"predecessor-version":[{"id":19200,"href":"https:\/\/rumboaltea.com\/fr\/wp-json\/wp\/v2\/pages\/19196\/revisions\/19200"}],"wp:attachment":[{"href":"https:\/\/rumboaltea.com\/fr\/wp-json\/wp\/v2\/media?parent=19196"}],"curies":[{"name":"wp","href":"https:\/\/api.w.org\/{rel}","templated":true}]}}