{"id":31,"date":"2025-11-25T15:09:54","date_gmt":"2025-11-25T14:09:54","guid":{"rendered":"https:\/\/darksalmon-panther-935429.hostingersite.com\/about\/"},"modified":"2026-02-02T18:42:55","modified_gmt":"2026-02-02T17:42:55","slug":"a-propos-de-nous","status":"publish","type":"page","link":"https:\/\/rumboaltea.com\/fr\/a-propos-de-nous\/","title":{"rendered":"A propos de nous"},"content":{"rendered":"<div data-elementor-type=\"wp-page\" data-elementor-id=\"31\" class=\"elementor elementor-31\" data-elementor-post-type=\"page\">\n\t\t\t\t<div class=\"elementor-element elementor-element-9010cd0 e-flex e-con-boxed e-con e-parent\" data-id=\"9010cd0\" data-element_type=\"container\" data-settings=\"{&quot;background_background&quot;:&quot;classic&quot;}\">\n\t\t\t\t\t<div class=\"e-con-inner\">\n\t\t<div class=\"elementor-element elementor-element-5a69cc7 e-con-full e-flex e-con e-child\" data-id=\"5a69cc7\" data-element_type=\"container\">\n\t\t\t\t<div class=\"elementor-element elementor-element-f184ec7 elementor-widget elementor-widget-heading\" data-id=\"f184ec7\" data-element_type=\"widget\" data-widget_type=\"heading.default\">\n\t\t\t\t<div class=\"elementor-widget-container\">\n\t\t\t\t\t<h1 class=\"elementor-heading-title elementor-size-default\">Rumboaltea, PASSION POUR LA MER DEPUIS L'ALTEA<\/h1>\t\t\t\t<\/div>\n\t\t\t\t<\/div>\n\t\t\t\t<\/div>\n\t\t\t\t\t<\/div>\n\t\t\t\t<\/div>\n\t\t<div class=\"elementor-element elementor-element-a529ccb e-flex e-con-boxed e-con e-parent\" data-id=\"a529ccb\" data-element_type=\"container\" data-settings=\"{&quot;background_background&quot;:&quot;classic&quot;}\">\n\t\t\t\t\t<div class=\"e-con-inner\">\n\t\t<div class=\"elementor-element elementor-element-83324c1 e-con-full e-flex e-con e-child\" data-id=\"83324c1\" data-element_type=\"container\">\n\t\t\t\t<div class=\"elementor-element elementor-element-45f990c elementor-widget elementor-widget-heading\" data-id=\"45f990c\" data-element_type=\"widget\" data-widget_type=\"heading.default\">\n\t\t\t\t<div class=\"elementor-widget-container\">\n\t\t\t\t\t<h2 class=\"elementor-heading-title elementor-size-default\">Qui sommes-nous ? <\/h2>\t\t\t\t<\/div>\n\t\t\t\t<\/div>\n\t\t\t\t<div class=\"elementor-element elementor-element-eb45403 elementor-widget elementor-widget-image\" data-id=\"eb45403\" data-element_type=\"widget\" data-widget_type=\"image.default\">\n\t\t\t\t<div class=\"elementor-widget-container\">\n\t\t\t\t\t\t\t\t\t\t\t\t\t\t\t<img fetchpriority=\"high\" decoding=\"async\" width=\"700\" height=\"525\" src=\"https:\/\/rumboaltea.com\/wp-content\/uploads\/2025\/10\/yako-navegando-3-1.jpg\" class=\"attachment-large size-large wp-image-16957\" alt=\"\" srcset=\"https:\/\/rumboaltea.com\/wp-content\/uploads\/2025\/10\/yako-navegando-3-1.jpg 700w, https:\/\/rumboaltea.com\/wp-content\/uploads\/2025\/10\/yako-navegando-3-1-300x225.jpg 300w, https:\/\/rumboaltea.com\/wp-content\/uploads\/2025\/10\/yako-navegando-3-1-510x382.jpg 510w, https:\/\/rumboaltea.com\/wp-content\/uploads\/2025\/10\/yako-navegando-3-1-480x360.jpg 480w\" sizes=\"(max-width: 700px) 100vw, 700px\" title=\"\">\t\t\t\t\t\t\t\t\t\t\t\t\t\t\t<\/div>\n\t\t\t\t<\/div>\n\t\t\t\t<\/div>\n\t\t<div class=\"elementor-element elementor-element-c4f6020 e-con-full e-flex e-con e-child\" data-id=\"c4f6020\" data-element_type=\"container\">\n\t\t\t\t<div class=\"elementor-element elementor-element-40a9718 elementor-widget elementor-widget-text-editor\" data-id=\"40a9718\" data-element_type=\"widget\" data-widget_type=\"text-editor.default\">\n\t\t\t\t<div class=\"elementor-widget-container\">\n\t\t\t\t\t\t\t\t\t<p><span style=\"font-weight: 400;\">Chez Rumboaltea, nous ne nous contentons pas de louer des bateaux : nous cr\u00e9ons des exp\u00e9riences inoubliables en mer.<\/span><span style=\"font-weight: 400;\"><br \/><\/span><span style=\"font-weight: 400;\"> Nous sommes une entreprise familiale locale avec plus de 10 ans d'exp\u00e9rience, proposant des itin\u00e9raires priv\u00e9s, des formations nautiques et des \u00e9v\u00e9nements uniques \u00e0 Altea.<\/span><\/p><ul><li><span style=\"font-weight: 400;\">Entreprise 100 % \u00e0 Altea<\/span><\/li><li><span style=\"font-weight: 400;\">Une \u00e9quipe qualifi\u00e9e et soud\u00e9e<\/span><\/li><li><span style=\"font-weight: 400;\">Propre flotte et service personnalis\u00e9<\/span><\/li><li><span style=\"font-weight: 400;\">\u00c9cole de voile agr\u00e9\u00e9e<\/span><\/li><\/ul>\t\t\t\t\t\t\t\t<\/div>\n\t\t\t\t<\/div>\n\t\t\t\t<div class=\"elementor-element elementor-element-5fe168e elementor-widget elementor-widget-heading\" data-id=\"5fe168e\" data-element_type=\"widget\" data-widget_type=\"heading.default\">\n\t\t\t\t<div class=\"elementor-widget-container\">\n\t\t\t\t\t<h3 class=\"elementor-heading-title elementor-size-medium\">Anto et Jaime<\/h3>\t\t\t\t<\/div>\n\t\t\t\t<\/div>\n\t\t\t\t<\/div>\n\t\t\t\t\t<\/div>\n\t\t\t\t<\/div>\n\t\t<div class=\"elementor-element elementor-element-cde5f18 e-flex e-con-boxed e-con e-parent\" data-id=\"cde5f18\" data-element_type=\"container\" data-settings=\"{&quot;background_background&quot;:&quot;classic&quot;}\">\n\t\t\t\t\t<div class=\"e-con-inner\">\n\t\t\t\t<div class=\"elementor-element elementor-element-9d269c1 elementor-widget elementor-widget-heading\" data-id=\"9d269c1\" data-element_type=\"widget\" data-widget_type=\"heading.default\">\n\t\t\t\t<div class=\"elementor-widget-container\">\n\t\t\t\t\t<h2 class=\"elementor-heading-title elementor-size-default\">Nos valeurs<\/h2>\t\t\t\t<\/div>\n\t\t\t\t<\/div>\n\t\t\t\t\t<\/div>\n\t\t\t\t<\/div>\n\t\t<div class=\"elementor-element elementor-element-b8ecf27 e-flex e-con-boxed e-con e-parent\" data-id=\"b8ecf27\" data-element_type=\"container\" data-settings=\"{&quot;background_background&quot;:&quot;classic&quot;}\">\n\t\t\t\t\t<div class=\"e-con-inner\">\n\t\t<div class=\"elementor-element elementor-element-a77a16d e-con-full e-flex e-con e-child\" data-id=\"a77a16d\" data-element_type=\"container\">\n\t\t\t\t<div class=\"elementor-element elementor-element-39e4e6a elementor-widget elementor-widget-hfe-infocard\" data-id=\"39e4e6a\" data-element_type=\"widget\" data-widget_type=\"hfe-infocard.default\">\n\t\t\t\t<div class=\"elementor-widget-container\">\n\t\t\t\t\t\n\t\t<div class=\"hfe-infocard\">\n\t\t\t\t\t\t\t\t\t<div class=\"hfe-infocard-title-wrap\">\n\t\t\t\t<h2 class=\"hfe-infocard-title elementor-inline-editing\" data-elementor-setting-key=\"infocard_title\" data-elementor-inline-editing-toolbar=\"basic\" >La mission<\/h2>\t\t\t<\/div>\n\t\t\t\t\t\t<div class=\"hfe-infocard-text-wrap\">\n\t\t\t\t<div class=\"hfe-infocard-text elementor-inline-editing\" data-elementor-setting-key=\"infocard_description\" data-elementor-inline-editing-toolbar=\"advanced\">\n\t\t\t\t\tNous offrons \u00e0 nos clients des exp\u00e9riences nautiques uniques, en essayant de fournir un service de location de bateaux avec un maximum de s\u00e9curit\u00e9, de confort et de professionnalisme.\nNous mettons l'accent sur la qualit\u00e9, l'entretien impeccable de notre flotte et l'attention personnalis\u00e9e, en mettant l'accent sur un service proche, r\u00e9solu et adapt\u00e9 \u00e0 chaque client.\nNous nous diff\u00e9rencions par l'attention que nous portons aux d\u00e9tails et par les conseils d'experts que nous prodiguons \u00e0 chacun de nos clients lors de leurs sorties avec nos bateaux.\t\t\t\t<\/div>\n\t\t\t\t\t\t\t<\/div>\n\t\t<\/div>\n\n\t\t\t\t\t\t<\/div>\n\t\t\t\t<\/div>\n\t\t\t\t<\/div>\n\t\t<div class=\"elementor-element elementor-element-3aa5dc7 e-con-full e-flex e-con e-child\" data-id=\"3aa5dc7\" data-element_type=\"container\">\n\t\t\t\t<div class=\"elementor-element elementor-element-85197e5 elementor-widget elementor-widget-hfe-infocard\" data-id=\"85197e5\" data-element_type=\"widget\" data-widget_type=\"hfe-infocard.default\">\n\t\t\t\t<div class=\"elementor-widget-container\">\n\t\t\t\t\t\n\t\t<div class=\"hfe-infocard\">\n\t\t\t\t\t\t\t\t\t<div class=\"hfe-infocard-title-wrap\">\n\t\t\t\t<h2 class=\"hfe-infocard-title elementor-inline-editing\" data-elementor-setting-key=\"infocard_title\" data-elementor-inline-editing-toolbar=\"basic\" >Vision<\/h2>\t\t\t<\/div>\n\t\t\t\t\t\t<div class=\"hfe-infocard-text-wrap\">\n\t\t\t\t<div class=\"hfe-infocard-text elementor-inline-editing\" data-elementor-setting-key=\"infocard_description\" data-elementor-inline-editing-toolbar=\"advanced\">\n\t\t\t\t\t<p>Chez Rumboaltea Charter, nous nous effor\u00e7ons d'\u00eatre la premi\u00e8re entreprise de location de bateaux \u00e0 Altea, r\u00e9put\u00e9e pour offrir des exp\u00e9riences nautiques inoubliables avec un service de qualit\u00e9, la s\u00e9curit\u00e9 et l'exclusivit\u00e9.<br>\nNous souhaitons nous d\u00e9velopper de mani\u00e8re durable, en int\u00e9grant de nouveaux navires et de nouvelles technologies qui am\u00e9liorent l'exp\u00e9rience de nos clients.<\/p>\t\t\t\t<\/div>\n\t\t\t\t\t\t\t<\/div>\n\t\t<\/div>\n\n\t\t\t\t\t\t<\/div>\n\t\t\t\t<\/div>\n\t\t\t\t<\/div>\n\t\t<div class=\"elementor-element elementor-element-fb13782 e-con-full e-flex e-con e-child\" data-id=\"fb13782\" data-element_type=\"container\">\n\t\t\t\t<div class=\"elementor-element elementor-element-0a49ce4 elementor-widget elementor-widget-heading\" data-id=\"0a49ce4\" data-element_type=\"widget\" data-widget_type=\"heading.default\">\n\t\t\t\t<div class=\"elementor-widget-container\">\n\t\t\t\t\t<h2 class=\"elementor-heading-title elementor-size-default\">Valeurs<\/h2>\t\t\t\t<\/div>\n\t\t\t\t<\/div>\n\t\t\t\t<div class=\"elementor-element elementor-element-c71cf66 elementor-icon-list--layout-traditional elementor-list-item-link-full_width elementor-widget elementor-widget-icon-list\" data-id=\"c71cf66\" data-element_type=\"widget\" data-widget_type=\"icon-list.default\">\n\t\t\t\t<div class=\"elementor-widget-container\">\n\t\t\t\t\t\t\t<ul class=\"elementor-icon-list-items\">\n\t\t\t\t\t\t\t<li class=\"elementor-icon-list-item\">\n\t\t\t\t\t\t\t\t\t\t<span class=\"elementor-icon-list-text\">Nous promouvons le respect de la mer et le tourisme responsable. <br>Nous encourageons le respect et la coexistence en mer et dans les mouillages, la navigation responsable, la protection et la s\u00e9curit\u00e9 de l'\u00e9quipage et des navires.<\/span>\n\t\t\t\t\t\t\t\t\t<\/li>\n\t\t\t\t\t\t<\/ul>\n\t\t\t\t\t\t<\/div>\n\t\t\t\t<\/div>\n\t\t\t\t<\/div>\n\t\t\t\t\t<\/div>\n\t\t\t\t<\/div>\n\t\t<div class=\"elementor-element elementor-element-0507c57 e-flex e-con-boxed e-con e-parent\" data-id=\"0507c57\" data-element_type=\"container\">\n\t\t\t\t\t<div class=\"e-con-inner\">\n\t\t\t\t<div class=\"elementor-element elementor-element-ebee85b elementor-cta--skin-cover elementor-animated-content elementor-bg-transform elementor-bg-transform-zoom-in elementor-widget elementor-widget-call-to-action\" data-id=\"ebee85b\" data-element_type=\"widget\" data-widget_type=\"call-to-action.default\">\n\t\t\t\t<div class=\"elementor-widget-container\">\n\t\t\t\t\t\t\t<div class=\"elementor-cta\">\n\t\t\t\t\t<div class=\"elementor-cta__bg-wrapper\">\n\t\t\t\t<div class=\"elementor-cta__bg elementor-bg\" style=\"background-image: url(https:\/\/rumboaltea.com\/wp-content\/uploads\/2025\/12\/pexels-photo-189349-189349-1024x683.jpg);\" role=\"img\" aria-label=\"Vagues captivantes de l&#039;oc\u00e9an avec un ciel de coucher de soleil vibrant, parfait pour des moments de tranquillit\u00e9.\"><\/div>\n\t\t\t\t<div class=\"elementor-cta__bg-overlay\"><\/div>\n\t\t\t<\/div>\n\t\t\t\t\t\t\t<div class=\"elementor-cta__content\">\n\t\t\t\t\n\t\t\t\t\t\t\t\t\t<h2 class=\"elementor-cta__title elementor-cta__content-item elementor-content-item elementor-animated-item--grow\">\n\t\t\t\t\t\tNous voulons que vous fassiez l'exp\u00e9rience de LA mer comme nous l'avons fait.\t\t\t\t\t<\/h2>\n\t\t\t\t\n\t\t\t\t\t\t\t\t\t<div class=\"elementor-cta__description elementor-cta__content-item elementor-content-item elementor-animated-item--grow\">\n\t\t\t\t\t\tD\u00e9couvrez notre histoire et laissez-nous vous aider \u00e0 cr\u00e9er la v\u00f4tre.\n\n\t\t\t\t\t<\/div>\n\t\t\t\t\n\t\t\t\t\t\t\t\t\t<div class=\"elementor-cta__button-wrapper elementor-cta__content-item elementor-content-item elementor-animated-item--grow\">\n\t\t\t\t\t<a class=\"elementor-cta__button elementor-button elementor-size-\" href=\"https:\/\/rumboaltea.com\/fr\/contact-2\/\">\n\t\t\t\t\t\tCONTACTEZ-NOUS\t\t\t\t\t<\/a>\n\t\t\t\t\t<\/div>\n\t\t\t\t\t\t\t<\/div>\n\t\t\t\t\t\t<\/div>\n\t\t\t\t\t\t<\/div>\n\t\t\t\t<\/div>\n\t\t\t\t\t<\/div>\n\t\t\t\t<\/div>\n\t\t\t\t<\/div>","protected":false},"excerpt":{"rendered":"<p>Rumboaltea, PASI\u00d3N POR LA MAR DESDE ALTEA Qui\u00e9nes somos En Rumboaltea no solo alquilamos barcos: creamos experiencias inolvidables en la mar. Somos una empresa familiar y local con m\u00e1s de 10 a\u00f1os de trayectoria, ofreciendo rutas privadas, formaci\u00f3n n\u00e1utica y eventos \u00fanicos en Altea. Empresa 100 % de Altea Equipo titulado y cercano Flota propia [&hellip;]<\/p>\n","protected":false},"author":5,"featured_media":0,"parent":0,"menu_order":0,"comment_status":"closed","ping_status":"closed","template":"","meta":{"_uag_custom_page_level_css":"","site-sidebar-layout":"no-sidebar","site-content-layout":"page-builder","ast-site-content-layout":"full-width-container","site-content-style":"unboxed","site-sidebar-style":"unboxed","ast-global-header-display":"","ast-banner-title-visibility":"","ast-main-header-display":"","ast-hfb-above-header-display":"","ast-hfb-below-header-display":"","ast-hfb-mobile-header-display":"","site-post-title":"disabled","ast-breadcrumbs-content":"","ast-featured-img":"","footer-sml-layout":"","theme-transparent-header-meta":"enabled","adv-header-id-meta":"","stick-header-meta":"","header-above-stick-meta":"","header-main-stick-meta":"","header-below-stick-meta":"","astra-migrate-meta-layouts":"set","ast-page-background-enabled":"default","ast-page-background-meta":{"desktop":{"background-color":"","background-image":"","background-repeat":"repeat","background-position":"center center","background-size":"auto","background-attachment":"scroll","background-type":"","background-media":"","overlay-type":"","overlay-color":"","overlay-opacity":"","overlay-gradient":""},"tablet":{"background-color":"","background-image":"","background-repeat":"repeat","background-position":"center center","background-size":"auto","background-attachment":"scroll","background-type":"","background-media":"","overlay-type":"","overlay-color":"","overlay-opacity":"","overlay-gradient":""},"mobile":{"background-color":"","background-image":"","background-repeat":"repeat","background-position":"center center","background-size":"auto","background-attachment":"scroll","background-type":"","background-media":"","overlay-type":"","overlay-color":"","overlay-opacity":"","overlay-gradient":""}},"ast-content-background-meta":{"desktop":{"background-color":"var(--ast-global-color-5)","background-image":"","background-repeat":"repeat","background-position":"center center","background-size":"auto","background-attachment":"scroll","background-type":"","background-media":"","overlay-type":"","overlay-color":"","overlay-opacity":"","overlay-gradient":""},"tablet":{"background-color":"var(--ast-global-color-5)","background-image":"","background-repeat":"repeat","background-position":"center center","background-size":"auto","background-attachment":"scroll","background-type":"","background-media":"","overlay-type":"","overlay-color":"","overlay-opacity":"","overlay-gradient":""},"mobile":{"background-color":"var(--ast-global-color-5)","background-image":"","background-repeat":"repeat","background-position":"center center","background-size":"auto","background-attachment":"scroll","background-type":"","background-media":"","overlay-type":"","overlay-color":"","overlay-opacity":"","overlay-gradient":""}},"footnotes":""},"class_list":["post-31","page","type-page","status-publish","hentry"],"uagb_featured_image_src":{"full":false,"thumbnail":false,"medium":false,"medium_large":false,"large":false,"1536x1536":false,"2048x2048":false,"trp-custom-language-flag":false},"uagb_author_info":{"display_name":"Celia","author_link":"https:\/\/rumboaltea.com\/fr\/author\/carettamarketingnauticogmail-com\/"},"uagb_comment_info":0,"uagb_excerpt":"Rumboaltea, PASI\u00d3N POR LA MAR DESDE ALTEA Qui\u00e9nes somos En Rumboaltea no solo alquilamos barcos: creamos experiencias inolvidables en la mar. Somos una empresa familiar y local con m\u00e1s de 10 a\u00f1os de trayectoria, ofreciendo rutas privadas, formaci\u00f3n n\u00e1utica y eventos \u00fanicos en Altea. Empresa 100 % de Altea Equipo titulado y cercano Flota propia\u2026","_links":{"self":[{"href":"https:\/\/rumboaltea.com\/fr\/wp-json\/wp\/v2\/pages\/31","targetHints":{"allow":["GET"]}}],"collection":[{"href":"https:\/\/rumboaltea.com\/fr\/wp-json\/wp\/v2\/pages"}],"about":[{"href":"https:\/\/rumboaltea.com\/fr\/wp-json\/wp\/v2\/types\/page"}],"author":[{"embeddable":true,"href":"https:\/\/rumboaltea.com\/fr\/wp-json\/wp\/v2\/users\/5"}],"replies":[{"embeddable":true,"href":"https:\/\/rumboaltea.com\/fr\/wp-json\/wp\/v2\/comments?post=31"}],"version-history":[{"count":35,"href":"https:\/\/rumboaltea.com\/fr\/wp-json\/wp\/v2\/pages\/31\/revisions"}],"predecessor-version":[{"id":19039,"href":"https:\/\/rumboaltea.com\/fr\/wp-json\/wp\/v2\/pages\/31\/revisions\/19039"}],"wp:attachment":[{"href":"https:\/\/rumboaltea.com\/fr\/wp-json\/wp\/v2\/media?parent=31"}],"curies":[{"name":"wp","href":"https:\/\/api.w.org\/{rel}","templated":true}]}}